{"id":65,"date":"2025-08-30T08:47:40","date_gmt":"2025-08-30T08:47:40","guid":{"rendered":"https:\/\/psynfinity.fr\/home\/"},"modified":"2025-11-27T14:12:11","modified_gmt":"2025-11-27T14:12:11","slug":"home","status":"publish","type":"page","link":"https:\/\/psynfinity.fr\/","title":{"rendered":"Home"},"content":{"rendered":"\n\n\n<p>Lorem Ipsum has been the industry&rsquo;s standard dummy text ever since the 1500s.<\/p>\n\n\n\n<h6>\u00c0 propos de l&rsquo;Association<\/h6>\n\n\n\n<h2>Nous sommes une association engag\u00e9e<\/h2>\n\n<p>Forts de plus de 15 ans d&rsquo;exp\u00e9rience, nous avons acquis une solide r\u00e9putation en mati\u00e8re de solutions sur la sant\u00e9 mentale avec des techniques issues des neurosciences innovantes et de haute qualit\u00e9. Notre \u00e9quipe allie cr\u00e9ativit\u00e9, formation et technologie pour concr\u00e9tiser vos aspirations.<\/p>\n<p><strong>\nNum\u00e9ro de d\u00e9claration d&rsquo;activit\u00e9<\/strong>: 11770990677<\/p>\n\n\n\n\n\n\n\n\n\n<p>Nous croyons en une conception perspicace et une r\u00e9flexion strat\u00e9gique.<\/p>\n\n\n\n\n\n\n\n\n\n<h6>Nos services<\/h6>\n\n\n\n<h2>Ce que nous offrons<\/h2>\n\n\n\n\n<p><strong>Psynfinity<\/strong> forme \u00e0 un processus multidimensionnel d&rsquo;apprentissage qui implique le d\u00e9veloppement de comp\u00e9tences comportementales et de flexibilit\u00e9, mais implique \u00e9galement une r\u00e9flexion strat\u00e9gique et une compr\u00e9hension des processus mentaux et cognitis derri\u00e8re le comportement.<\/p>\n\n\n\n\n<p><strong>Psynfinity<\/strong> fournit des outils de comp\u00e9tences pour le d\u00e9veloppement des \u00e9tats de l&rsquo;excellence individuelle, mais elle \u00e9tablit \u00e9galement un syst\u00e8me de croyances et l&rsquo;autono\u00f9isation des pr\u00e9suppos\u00e9s sur ce que les \u00eatres humains sont, ce qu&rsquo;est la communication et ce que le processus de changement implique.<\/p>\n\n\n\n\n<p><strong>Psynfinity<\/strong> aide \u00e0 la d\u00e9couverte de soi, l&rsquo;exploration de son identit\u00e9 et sa mission. Elle fournit \u00e9galement un cadre pour comprendre ce qui est relatif \u00e0 une partie de l&rsquo;exp\u00e9rience humaine qui va au-del\u00e0 de nous en tant qu&rsquo;individus face \u00e0 nos syst\u00e8mes familliaux, communautaires et mondiaux.<\/p><p>L&rsquo;association forme aussi bien en direct qu&rsquo;en sous-traitance.<\/p>\n\n\n\n\n\n\n<p>Identifiez les opportunit\u00e9s et construisez pour une croissance et un succ\u00e8s durables.<\/p>\n\n\n\n\n<p>Exp\u00e9riences fluides, garantissant la satisfaction et la fid\u00e9lit\u00e9 des utilisateurs.<\/p>\n\n\n\n\n<p>Suivez-nous n&rsquo;importe o\u00f9.<\/p>\n\n\n\n\n\n\n\n\n<h6>Apprenez \u00e0 nous conna\u00eetre<\/h6>\n\n\n\n<h2>Notre m\u00e9thodologie de travail<\/h2>\n\n\n\n\n\n\n\n\n\nDesigning\n\n\n\nDesigning\n\n\n\nDesigning\n\n\n\nDesigning\n\n\n\n\n\n\n\n<h6>Rencontrez notre association pour<\/h6>\n\n\n\n<h2>Nos solutions<\/h2>\n\n\n\n<p>Lorem Ipsum has been the industry&rsquo;s standard dummy text ever since the 1500s.<\/p>\n\n<h5>Acheter le livre<\/h5>\n\n\n<p>Sant\u00e9 Mentale<\/p>\n\n\n\n\n\n\n\n\n<p>Lorem Ipsum has been the industry&rsquo;s standard dummy text ever since the 1500s.<\/p>\n\n<h5>Acheter le livre<\/h5>\n\n\n\n\n\n<p>Comp\u00e9tences Psychosociales<\/p>\n\n\n\n\n\n<p>Lorem Ipsum has been the industry&rsquo;s standard dummy text ever since the 1500s.<\/p>\n\n<h5>Acheter le livre<\/h5>\n\n\n\n\n\n<p>D\u00e9crochage scolaire<\/p>\n\n\n\n\n\n\n\n\n<h6>Pourquoi choisir notre association<\/h6>\n\n\n\n<h2>Offrir des services exceptionnels<\/h2>\n\n\n<p>Chez Psynfinity, nous allions cr\u00e9ativit\u00e9, strat\u00e9gie et technologie de pointe pour proposer des solutions qui dynamisent. Forts de notre engagement envers l&rsquo;excellence et l&rsquo;innovation, nous sommes votre partenaire de confiance pour vos besoins en sant\u00e9 mentale.<\/p>\n\n\n\nVotre partenaire complet\n\n\nSolutions innovantes\n\n\nRecueillir des informations\n\n\nD\u00e9veloppement Humain&nbsp;\n\n\n\n\n\n\n\n\nAm\u00e9liorez votre visibilit\u00e9 et attirez du trafic organique avec nos strat\u00e9gies de communication.\n\n\nNous vous apprendrons \u00e0 am\u00e9liorer votre communication en solutions innovantes qui trouvent un \u00e9cho aupr\u00e8s de votre public.\n\n\n\n\nCr\u00e9ez des exp\u00e9riences dynamiques, en alliant l&rsquo;utilisation intuitive et des performances fiables.\n\n\n\n\n\n\n\n\n<h6>Notre portefeuille<\/h6>\n\n\n\n<h2>D\u00e9couvrez nos projets r\u00e9cents<\/h2>\n\n\n\n\n<p>Notre \u00e9quipe talentueuse<\/p>\n\n\n<p>Solutions<\/p>\n\n\n\n\n<p>Perfection<\/p>\n\n\n<p>Communication<\/p>\n\n\n\n\n<p>Services de d\u00e9veloppement<\/p>\n\n\n<p>Cr\u00e9ation<\/p>\n\n\n\n\n\n\n\n\n<h6>T\u00e9moignages<\/h6>\n\n\n\n<h2>Ce que disent nos clients<\/h2>\n\n\n\n<p>Lorem Ipsum has been the industry&rsquo;s standard dummy text ever since the 1500s.<\/p>\n<p>Lorem Ipsum has been the industry&rsquo;s standard dummy text ever since the 1500s.<\/p>\n\n<p>Lorem Ipsum has been the industry&rsquo;s standard dummy text ever since the 1500s.<\/p>\n\n\n\n\nPsynfinity a transform\u00e9 notre environnement avec une cr\u00e9ativit\u00e9 et un professionnalisme in\u00e9gal\u00e9s. L&rsquo;\u00e9quipe a respect\u00e9 les d\u00e9lais et d\u00e9pass\u00e9 les attentes.\n\n\nTravailler avec Psynfinity a \u00e9t\u00e9 un plaisir ! Leur souci du d\u00e9tail et leur communication efficace ont rendu le processus fluide et enrichissant.\n\n\nDes concepts initiaux au r\u00e9sultat final, l&rsquo;\u00e9quipe de Psynfinity a fourni des r\u00e9sultats exceptionnels. Leur talent et leur cr\u00e9ativit\u00e9 ont consid\u00e9rablement am\u00e9lior\u00e9 l&rsquo;exp\u00e9rience utilisateur.\n\n\n\n\n<p>Lorem Ipsum has been the industry&rsquo;s standard dummy text ever since the 1500s.<\/p>\n<p>Lorem Ipsum has been the industry&rsquo;s standard dummy text ever since the 1500s.<\/p>\n\n\n\n\n","protected":false},"excerpt":{"rendered":"","protected":false},"author":1,"featured_media":0,"parent":0,"menu_order":0,"comment_status":"closed","ping_status":"closed","template":"","meta":{"pagelayer_contact_templates":[],"_pagelayer_content":"","footnotes":""},"class_list":["post-65","page","type-page","status-publish","hentry"],"jetpack_sharing_enabled":true,"_links":{"self":[{"href":"https:\/\/psynfinity.fr\/index.php?rest_route=\/wp\/v2\/pages\/65","targetHints":{"allow":["GET"]}}],"collection":[{"href":"https:\/\/psynfinity.fr\/index.php?rest_route=\/wp\/v2\/pages"}],"about":[{"href":"https:\/\/psynfinity.fr\/index.php?rest_route=\/wp\/v2\/types\/page"}],"author":[{"embeddable":true,"href":"https:\/\/psynfinity.fr\/index.php?rest_route=\/wp\/v2\/users\/1"}],"replies":[{"embeddable":true,"href":"https:\/\/psynfinity.fr\/index.php?rest_route=%2Fwp%2Fv2%2Fcomments&post=65"}],"version-history":[{"count":27,"href":"https:\/\/psynfinity.fr\/index.php?rest_route=\/wp\/v2\/pages\/65\/revisions"}],"predecessor-version":[{"id":259,"href":"https:\/\/psynfinity.fr\/index.php?rest_route=\/wp\/v2\/pages\/65\/revisions\/259"}],"wp:attachment":[{"href":"https:\/\/psynfinity.fr\/index.php?rest_route=%2Fwp%2Fv2%2Fmedia&parent=65"}],"curies":[{"name":"wp","href":"https:\/\/api.w.org\/{rel}","templated":true}]}}