{"id":74,"date":"2025-08-30T08:47:42","date_gmt":"2025-08-30T08:47:42","guid":{"rendered":"https:\/\/psynfinity.fr\/services\/"},"modified":"2025-09-02T13:37:24","modified_gmt":"2025-09-02T13:37:24","slug":"services","status":"publish","type":"page","link":"https:\/\/psynfinity.fr\/?page_id=74","title":{"rendered":"Services"},"content":{"rendered":"\n\n\n<h6>Nos Services<\/h6>\n\n<h2>Ce Que Nous Faisons<\/h2>\n\n\n<p>Nous cr\u00e9ons des ateliers et s\u00e9minaires sur mesure captivants qui renforcent l&rsquo;identit\u00e9 et capturent l&rsquo;attention du public.<\/p>\n\n\n<p>De la conception \u00e0 la cr\u00e9ation, notre \u00e9quipe de conception de produits se concentre sur l&rsquo;exp\u00e9rience utilisateur et la fonctionnalit\u00e9 pour offrir des solutions pr\u00eates pour le march\u00e9.<\/p>\n\n\n<p>Nous offrons un \u00e9ventail complet de services, de la strat\u00e9gie de marque au d\u00e9veloppement et au d\u00e9ploiement, adapt\u00e9s pour \u00e9lever votre entreprise dans le monde.<\/p>\n\n\n\n\n<p>Nos services vous aident \u00e0 identifier les opportunit\u00e9s, \u00e0 \u00e9tablir une feuille de route pour une croissance durable et le succ\u00e8s.<\/p>\n\n\n<p>Nous concevons des programmes engageants qui offrent des exp\u00e9riences fluides, garantissant que les utilisateurs restent satisfaits.<\/p>\n\n\n<p>Nous construisons des conf\u00e9rences pour optimis\u00e9s vos comp\u00e9tences, que cela soi fonctionnels, g\u00e9n\u00e9rant engagement et r\u00e9sultats.<\/p>\n\n\n\n\n\n\n<h6>Tarifs <\/h6>\n\n<h2>Tarification &amp; Offres<\/h2>\n\n\n\nPremier secours en sant\u00e9 mentale\nTraumatisme \/ Phobies\nAngoisse \/ Stress\nLib\u00e9ration des \u00e9motions\n\n\n\n\nMa\u00eetrise des relations\nMa\u00eetrise de sa communication\nPleine conscience, Relaxation et d\u00e9tente\nMa\u00eetrise des \u00e9motions\n\n\n\n\nM\u00e9thodes Mentales pour enfants et adolescents\nMa\u00eetrise des relations\nConscience affective\nEmpathie : interpr\u00e9tation des \u00e9motions\n\n\n\n\n\n\n\n<h6>T\u00e9moignages<\/h6>\n\n<h2>Ce Que Disent Nos Clients<\/h2>\n\n\n\n\n\n\n\n\n\nL&rsquo;association Psynfinity a transform\u00e9 notre pr\u00e9sence avec une cr\u00e9ativit\u00e9 et un professionnalisme incroyables. L&rsquo;\u00e9quipe a respect\u00e9 les d\u00e9lais et d\u00e9pass\u00e9 toutes nos attentes.\nNous avons ador\u00e9 travailler avec Intuitive ! Leur attention aux d\u00e9tails et leur communication ont rendu l&rsquo;ensemble du processus fluide, efficace et v\u00e9ritablement agr\u00e9able.\nDe la conception \u00e0 l&rsquo;ex\u00e9cution, l&rsquo;\u00e9quipe d&rsquo;Intuitive a d\u00e9livr\u00e9 d&rsquo;excellents r\u00e9sultats. Leur expertise et leur cr\u00e9ativit\u00e9 ont contribu\u00e9 \u00e0 \u00e9lever notre marque et notre exp\u00e9rience utilisateur.\n\n\n\n\n\n\n\n\n\n\n\n<h6>Notre Portfolio<\/h6>\n\n<h2>Explorez Quelques Projets R\u00e9cents<\/h2>\n\n\n<p>\u00c9quipe de th\u00e9rapeutes et coach<\/p>\n<p>Strat\u00e9gies<\/p>\n\n\n<p>Conception sur mesure<\/p>\n<p>Id\u00e9es Digitales<\/p>\n\n\n<p>D\u00e9veloppement <\/p>\n<p>Analyse<\/p>\n\n\n\n\n","protected":false},"excerpt":{"rendered":"","protected":false},"author":1,"featured_media":0,"parent":65,"menu_order":0,"comment_status":"closed","ping_status":"closed","template":"","meta":{"pagelayer_contact_templates":[],"_pagelayer_content":"","footnotes":""},"class_list":["post-74","page","type-page","status-publish","hentry"],"jetpack_sharing_enabled":true,"_links":{"self":[{"href":"https:\/\/psynfinity.fr\/index.php?rest_route=\/wp\/v2\/pages\/74","targetHints":{"allow":["GET"]}}],"collection":[{"href":"https:\/\/psynfinity.fr\/index.php?rest_route=\/wp\/v2\/pages"}],"about":[{"href":"https:\/\/psynfinity.fr\/index.php?rest_route=\/wp\/v2\/types\/page"}],"author":[{"embeddable":true,"href":"https:\/\/psynfinity.fr\/index.php?rest_route=\/wp\/v2\/users\/1"}],"replies":[{"embeddable":true,"href":"https:\/\/psynfinity.fr\/index.php?rest_route=%2Fwp%2Fv2%2Fcomments&post=74"}],"version-history":[{"count":7,"href":"https:\/\/psynfinity.fr\/index.php?rest_route=\/wp\/v2\/pages\/74\/revisions"}],"predecessor-version":[{"id":226,"href":"https:\/\/psynfinity.fr\/index.php?rest_route=\/wp\/v2\/pages\/74\/revisions\/226"}],"up":[{"embeddable":true,"href":"https:\/\/psynfinity.fr\/index.php?rest_route=\/wp\/v2\/pages\/65"}],"wp:attachment":[{"href":"https:\/\/psynfinity.fr\/index.php?rest_route=%2Fwp%2Fv2%2Fmedia&parent=74"}],"curies":[{"name":"wp","href":"https:\/\/api.w.org\/{rel}","templated":true}]}}